{"id":8687,"date":"2025-06-18T20:18:53","date_gmt":"2025-06-18T17:18:53","guid":{"rendered":"https:\/\/mygreenstuff.lv\/?post_type=product&#038;p=8687"},"modified":"2026-04-02T09:21:51","modified_gmt":"2026-04-02T06:21:51","slug":"anthurium-red-crystallinum-nse-x-michelle-seedlings","status":"publish","type":"product","link":"https:\/\/mygreenstuff.lv\/en\/product\/anthurium-red-crystallinum-nse-x-michelle-seedlings\/","title":{"rendered":"Anthurium Red Crystallinum (NSE) x Unknown"},"content":{"rendered":"<p><strong>NSE Red crystallinum krustojums. Otrs &#8216;vec\u0101ks&#8217; nav zin\u0101ms, bet iesp\u0113jam\u0101s hibr\u012bda vari\u0101cijas:<\/strong><\/p>\n<ul>\n<li><strong>(Papi x Magn) x Nse Red Crystal<\/strong><\/li>\n<\/ul>\n<ul>\n<li><strong>Nse Red Crystal x self<\/strong><\/li>\n<\/ul>\n<ul>\n<li><strong>Silver Blush x Nse Red Crystal<\/strong><\/li>\n<\/ul>\n<ul>\n<li><strong>KOS HU mutation x Nse Red Crystal<\/strong><\/li>\n<\/ul>\n<ul>\n<li><strong>Dress Papi Indo x Nse Red Crystal<\/strong><\/li>\n<\/ul>\n<ul>\n<li><strong>(Marmoratum x (Dresseri x AOS)) x Nse Red Crystal<\/strong><\/li>\n<li><strong>RLFS x (Blue papi or Papi X One)) karteldaun x Nse Red Crystal<\/strong><\/li>\n<li><strong>(Papi x Magn) x (Marmoratum x (Dressleri x AOS) x NSE Red crystal<\/strong><\/li>\n<\/ul>","protected":false},"excerpt":{"rendered":"<p>NSE Red crystallinum krustojums. Otrs &#8216;vec\u0101ks&#8217; nav zin\u0101ms, bet iesp\u0113jam\u0101s hibr\u012bda vari\u0101cijas: (Papi x Magn) x Nse Red Crystal \ufeff\ufeffNse Red Crystal x self \ufeff\ufeffSilver Blush x Nse Red Crystal \ufeff\ufeffKOS HU mutation x Nse Red Crystal \ufeff\ufeffDress Papi Indo x Nse Red Crystal \ufeff\ufeff(Marmoratum x (Dresseri x AOS)) x Nse Red Crystal RLFS x (Blue papi or Papi X One)) karteldaun x Nse Red Crystal (Papi x Magn) x (Marmoratum x (Dressleri x AOS) x NSE Red crystal<\/p>","protected":false},"featured_media":13098,"comment_status":"open","ping_status":"closed","template":"","meta":{"_eb_attr":"","site-sidebar-layout":"default","site-content-layout":"","ast-site-content-layout":"","site-content-style":"default","site-sidebar-style":"default","ast-global-header-display":"","ast-banner-title-visibility":"","ast-main-header-display":"","ast-hfb-above-header-display":"","ast-hfb-below-header-display":"","ast-hfb-mobile-header-display":"","site-post-title":"","ast-breadcrumbs-content":"","ast-featured-img":"","footer-sml-layout":"","theme-transparent-header-meta":"","adv-header-id-meta":"","stick-header-meta":"","header-above-stick-meta":"","header-main-stick-meta":"","header-below-stick-meta":"","astra-migrate-meta-layouts":"default","ast-page-background-enabled":"default","ast-page-background-meta":{"desktop":{"background-color":"var(--ast-global-color-4)","background-image":"","background-repeat":"repeat","background-position":"center center","background-size":"auto","background-attachment":"scroll","background-type":"","background-media":"","overlay-type":"","overlay-color":"","overlay-opacity":"","overlay-gradient":""},"tablet":{"background-color":"","background-image":"","background-repeat":"repeat","background-position":"center center","background-size":"auto","background-attachment":"scroll","background-type":"","background-media":"","overlay-type":"","overlay-color":"","overlay-opacity":"","overlay-gradient":""},"mobile":{"background-color":"","background-image":"","background-repeat":"repeat","background-position":"center center","background-size":"auto","background-attachment":"scroll","background-type":"","background-media":"","overlay-type":"","overlay-color":"","overlay-opacity":"","overlay-gradient":""}},"ast-content-background-meta":{"desktop":{"background-color":"var(--ast-global-color-5)","background-image":"","background-repeat":"repeat","background-position":"center center","background-size":"auto","background-attachment":"scroll","background-type":"","background-media":"","overlay-type":"","overlay-color":"","overlay-opacity":"","overlay-gradient":""},"tablet":{"background-color":"var(--ast-global-color-5)","background-image":"","background-repeat":"repeat","background-position":"center center","background-size":"auto","background-attachment":"scroll","background-type":"","background-media":"","overlay-type":"","overlay-color":"","overlay-opacity":"","overlay-gradient":""},"mobile":{"background-color":"var(--ast-global-color-5)","background-image":"","background-repeat":"repeat","background-position":"center center","background-size":"auto","background-attachment":"scroll","background-type":"","background-media":"","overlay-type":"","overlay-color":"","overlay-opacity":"","overlay-gradient":""}}},"product_brand":[],"product_cat":[75,76,31],"product_tag":[],"class_list":{"0":"post-8687","1":"product","2":"type-product","3":"status-publish","4":"has-post-thumbnail","6":"product_cat-anturijas","7":"product_cat-retie","8":"product_cat-telpaugi","9":"desktop-align-left","10":"tablet-align-left","11":"mobile-align-left","13":"first","14":"instock","15":"shipping-taxable","16":"purchasable","17":"product-type-simple"},"aioseo_notices":[],"_links":{"self":[{"href":"https:\/\/mygreenstuff.lv\/en\/wp-json\/wp\/v2\/product\/8687","targetHints":{"allow":["GET"]}}],"collection":[{"href":"https:\/\/mygreenstuff.lv\/en\/wp-json\/wp\/v2\/product"}],"about":[{"href":"https:\/\/mygreenstuff.lv\/en\/wp-json\/wp\/v2\/types\/product"}],"replies":[{"embeddable":true,"href":"https:\/\/mygreenstuff.lv\/en\/wp-json\/wp\/v2\/comments?post=8687"}],"wp:featuredmedia":[{"embeddable":true,"href":"https:\/\/mygreenstuff.lv\/en\/wp-json\/wp\/v2\/media\/13098"}],"wp:attachment":[{"href":"https:\/\/mygreenstuff.lv\/en\/wp-json\/wp\/v2\/media?parent=8687"}],"wp:term":[{"taxonomy":"product_brand","embeddable":true,"href":"https:\/\/mygreenstuff.lv\/en\/wp-json\/wp\/v2\/product_brand?post=8687"},{"taxonomy":"product_cat","embeddable":true,"href":"https:\/\/mygreenstuff.lv\/en\/wp-json\/wp\/v2\/product_cat?post=8687"},{"taxonomy":"product_tag","embeddable":true,"href":"https:\/\/mygreenstuff.lv\/en\/wp-json\/wp\/v2\/product_tag?post=8687"}],"curies":[{"name":"wp","href":"https:\/\/api.w.org\/{rel}","templated":true}]}}