{"id":6061,"date":"2024-11-26T08:57:44","date_gmt":"2024-11-26T06:57:44","guid":{"rendered":"https:\/\/mygreenstuff.lv\/products\/maranta-silver-band\/"},"modified":"2026-03-19T13:58:17","modified_gmt":"2026-03-19T11:58:17","slug":"maranta-silver-band","status":"publish","type":"product","link":"https:\/\/mygreenstuff.lv\/en\/product\/maranta-silver-band\/","title":{"rendered":"Maranta \u2018Silver band\u2019"},"content":{"rendered":"<p>\u013boti skaista maranta ar sudrabotu joslu lapas vidusda\u013c\u0101.<\/p>\n<p>Gaisma: Marant\u0101m patiks gai\u0161a vieta (ne tie\u0161i saules stari). T\u0101s \u013coti labi jut\u012bsies ar\u012b uz Zieme\u013cu palodzes.<\/p>\n<p>Lie\u0161ana: Augsnes virsk\u0101rtai j\u0101\u013cauj nedaudz iz\u017e\u016bt. Ja b\u016bs gad\u012bjies augu iekalt\u0113t, maranta noteikti dos zi\u0146u, sarull\u0113jot lapas t\u016bti\u0146\u0101s. Ja gad\u012bjies p\u0101rliet &#8211; lapas dzelt\u0113s.&nbsp; Laist\u012bt ieteicams ar istabas temperat\u016bras nost\u0101din\u0101tu kr\u0101na vai filtr\u0113tu \u016bdeni.<\/p>\n<p>Marantas b\u016bs ide\u0101li piem\u0113rotas vannasistabai, kur gaisa mitrums ir augst\u0101ks, jo, ja telp\u0101 ir \u013coti sauss gaiss, lapu gali\u0146i s\u0101ks br\u016bn\u0113t. Augu nevajadz\u0113tu novietot radiatoru tuvum\u0101 vai aukstum\u0101.<\/p>\n<p>Marantas can and should be misted, and once a week it is recommended to give the plant a gentle shower, thoroughly rinsing both the upper and lower sides of the leaves. If rainwater is available, it will feel like a true SPA treatment for a Maranta.<\/p>\n<p>Augu p\u0101rst\u0101da, kad saknes vai rizomas s\u0101ku\u0161as spraukties \u0101r\u0101 pa apak\u0161\u0113jiem poda caurumi\u0146iem. Poda diametru izv\u0113l\u0101s vismaz 2-3 izm\u0113rus liel\u0101ku nek\u0101 eso\u0161ais. St\u0101da gais\u012bg\u0101 substr\u0101t\u0101, uz k\u016bdras vai kokosa b\u0101zes.<\/p>\n<p>Ar m\u0113slo\u0161anu aizrauties nevajag, jo marant\u0101m nepatiks miner\u0101lviel\u0101m bag\u0101ta augsne. M\u0113slo no marta l\u012bdz oktobrim, max 1x m\u0113nes\u012b ar za\u013cajiem telpaugiem paredz\u0113tu m\u0113slojumu.<\/p>\n<p>Marantas zied smalkiem lill\u012bgi baltiem ziedi\u0146iem, tom\u0113r parasti marantas izv\u0113l\u0101s nevis ziedu, bet gan to dekorat\u012bvo lapu d\u0113\u013c.<\/p>\n<p>A very interesting feature of almost all Maranta varieties\u2014except&nbsp;<a href=\"https:\/\/mygreenstuff.lv\/index.php\/product\/maranta-leuconeura-lemon-lime-2-2-2\/\">Maranta Arundinacea variegata<\/a> \u2014is that during daylight hours the leaves are lowered, but at night they raise upwards. For this reason, they are called \u201cprayer plants.\u201d<\/p>\n<p>Marantas are pet-friendly houseplants that do not contain toxic substances, making them an ideal choice if you have a dog or cat that occasionally likes to nibble on leaves. :)<\/p>\n<p>&nbsp;<\/p>","protected":false},"excerpt":{"rendered":"<p>\u013boti skaista maranta ar sudrabotu joslu lapas vidusda\u013c\u0101. Gaisma: Marant\u0101m patiks gai\u0161a vieta (ne tie\u0161i saules stari). T\u0101s \u013coti labi jut\u012bsies ar\u012b uz Zieme\u013cu palodzes. Lie\u0161ana: Augsnes virsk\u0101rtai j\u0101\u013cauj nedaudz iz\u017e\u016bt. Ja b\u016bs gad\u012bjies augu iekalt\u0113t, maranta noteikti dos zi\u0146u, sarull\u0113jot lapas t\u016bti\u0146\u0101s. Ja gad\u012bjies p\u0101rliet &#8211; lapas dzelt\u0113s.&nbsp; Laist\u012bt ieteicams ar istabas temperat\u016bras nost\u0101din\u0101tu kr\u0101na vai filtr\u0113tu \u016bdeni. Marantas b\u016bs ide\u0101li piem\u0113rotas vannasistabai, kur gaisa mitrums ir augst\u0101ks, jo, ja telp\u0101 ir \u013coti sauss gaiss, lapu gali\u0146i s\u0101ks br\u016bn\u0113t. Augu nevajadz\u0113tu novietot radiatoru tuvum\u0101 vai aukstum\u0101. Marantas var un ir ieteicams smidzin\u0101t un 1x ned\u0113\u013c\u0101 v\u0113lams nodu\u0161ot augu, k\u0101rt\u012bgi nomazg\u0101jot lapu aug\u0161pusi un apak\u0161pusi. Ja ir pieejams lietus \u016bdens, tas marantai b\u016bs k\u0101 \u012bsts SPA. Augu p\u0101rst\u0101da, kad saknes vai rizomas s\u0101ku\u0161as spraukties \u0101r\u0101 pa apak\u0161\u0113jiem poda caurumi\u0146iem. Poda diametru izv\u0113l\u0101s vismaz 2-3 izm\u0113rus liel\u0101ku nek\u0101 eso\u0161ais. St\u0101da gais\u012bg\u0101 substr\u0101t\u0101, uz k\u016bdras vai kokosa b\u0101zes. Ar m\u0113slo\u0161anu aizrauties nevajag, jo marant\u0101m nepatiks miner\u0101lviel\u0101m bag\u0101ta augsne. M\u0113slo no marta l\u012bdz oktobrim, max 1x m\u0113nes\u012b ar za\u013cajiem telpaugiem paredz\u0113tu m\u0113slojumu. Marantas zied smalkiem lill\u012bgi baltiem ziedi\u0146iem, tom\u0113r parasti marantas izv\u0113l\u0101s nevis ziedu, bet gan to dekorat\u012bvo lapu d\u0113\u013c. \u013boti interesanta \u012bpa\u0161\u012bba gandr\u012bz vis\u0101m marantu \u0161\u0137irn\u0113m, iz\u0146emot&nbsp;Maranta Arundinacea variegata ir t\u0101, ka dienas gai\u0161aj\u0101 laik\u0101 lapas ir nolaidu\u0161\u0101s, bet tums\u0101 sace\u013c\u0101s uz aug\u0161u. Tie\u0161i \u0161\u012b iemesla d\u0113\u013c t\u0101s tiek d\u0113v\u0113tas par &#8221;l\u016bg\u0161anu augu&#8221; jeb angliski &#8211; &#8220;prayer plant&#8221;. Marantas ir dz\u012bvniekiem \u2018draudz\u012bgi\u2019 telpaugi, kas nesatur toksiskas vielas, t\u0101p\u0113c b\u016bs ide\u0101li piem\u0113rotas, ja m\u0101j\u0101s ir suns vai ka\u0137is, kas nereti m\u0113dz pagar\u0161ot k\u0101du lapu \ud83d\ude42 &nbsp;<\/p>","protected":false},"featured_media":6060,"comment_status":"open","ping_status":"closed","template":"","meta":{"_eb_attr":"","site-sidebar-layout":"default","site-content-layout":"","ast-site-content-layout":"default","site-content-style":"default","site-sidebar-style":"default","ast-global-header-display":"","ast-banner-title-visibility":"","ast-main-header-display":"","ast-hfb-above-header-display":"","ast-hfb-below-header-display":"","ast-hfb-mobile-header-display":"","site-post-title":"","ast-breadcrumbs-content":"","ast-featured-img":"","footer-sml-layout":"","theme-transparent-header-meta":"default","adv-header-id-meta":"","stick-header-meta":"","header-above-stick-meta":"","header-main-stick-meta":"","header-below-stick-meta":"","astra-migrate-meta-layouts":"set","ast-page-background-enabled":"default","ast-page-background-meta":{"desktop":{"background-color":"var(--ast-global-color-4)","background-image":"","background-repeat":"repeat","background-position":"center center","background-size":"auto","background-attachment":"scroll","background-type":"","background-media":"","overlay-type":"","overlay-color":"","overlay-opacity":"","overlay-gradient":""},"tablet":{"background-color":"","background-image":"","background-repeat":"repeat","background-position":"center center","background-size":"auto","background-attachment":"scroll","background-type":"","background-media":"","overlay-type":"","overlay-color":"","overlay-opacity":"","overlay-gradient":""},"mobile":{"background-color":"","background-image":"","background-repeat":"repeat","background-position":"center center","background-size":"auto","background-attachment":"scroll","background-type":"","background-media":"","overlay-type":"","overlay-color":"","overlay-opacity":"","overlay-gradient":""}},"ast-content-background-meta":{"desktop":{"background-color":"var(--ast-global-color-5)","background-image":"","background-repeat":"repeat","background-position":"center center","background-size":"auto","background-attachment":"scroll","background-type":"","background-media":"","overlay-type":"","overlay-color":"","overlay-opacity":"","overlay-gradient":""},"tablet":{"background-color":"var(--ast-global-color-5)","background-image":"","background-repeat":"repeat","background-position":"center center","background-size":"auto","background-attachment":"scroll","background-type":"","background-media":"","overlay-type":"","overlay-color":"","overlay-opacity":"","overlay-gradient":""},"mobile":{"background-color":"var(--ast-global-color-5)","background-image":"","background-repeat":"repeat","background-position":"center center","background-size":"auto","background-attachment":"scroll","background-type":"","background-media":"","overlay-type":"","overlay-color":"","overlay-opacity":"","overlay-gradient":""}}},"product_brand":[],"product_cat":[77,31],"product_tag":[244,101,32,243,60,262],"class_list":{"0":"post-6061","1":"product","2":"type-product","3":"status-publish","4":"has-post-thumbnail","6":"product_cat-marantas-un-kalatejas","7":"product_cat-telpaugi","8":"product_tag-dzivniekiem-draudzigi-augi","9":"product_tag-istabas-augi","10":"product_tag-maranta","11":"product_tag-retas-marantas","12":"product_tag-telpaugi","13":"product_tag-telpaugi-vannasistabai","14":"desktop-align-left","15":"tablet-align-left","16":"mobile-align-left","18":"first","19":"outofstock","20":"shipping-taxable","21":"purchasable","22":"product-type-simple"},"aioseo_notices":[],"_links":{"self":[{"href":"https:\/\/mygreenstuff.lv\/en\/wp-json\/wp\/v2\/product\/6061","targetHints":{"allow":["GET"]}}],"collection":[{"href":"https:\/\/mygreenstuff.lv\/en\/wp-json\/wp\/v2\/product"}],"about":[{"href":"https:\/\/mygreenstuff.lv\/en\/wp-json\/wp\/v2\/types\/product"}],"replies":[{"embeddable":true,"href":"https:\/\/mygreenstuff.lv\/en\/wp-json\/wp\/v2\/comments?post=6061"}],"wp:featuredmedia":[{"embeddable":true,"href":"https:\/\/mygreenstuff.lv\/en\/wp-json\/wp\/v2\/media\/6060"}],"wp:attachment":[{"href":"https:\/\/mygreenstuff.lv\/en\/wp-json\/wp\/v2\/media?parent=6061"}],"wp:term":[{"taxonomy":"product_brand","embeddable":true,"href":"https:\/\/mygreenstuff.lv\/en\/wp-json\/wp\/v2\/product_brand?post=6061"},{"taxonomy":"product_cat","embeddable":true,"href":"https:\/\/mygreenstuff.lv\/en\/wp-json\/wp\/v2\/product_cat?post=6061"},{"taxonomy":"product_tag","embeddable":true,"href":"https:\/\/mygreenstuff.lv\/en\/wp-json\/wp\/v2\/product_tag?post=6061"}],"curies":[{"name":"wp","href":"https:\/\/api.w.org\/{rel}","templated":true}]}}