{"id":5303,"date":"2024-10-28T20:49:45","date_gmt":"2024-10-28T18:49:45","guid":{"rendered":"https:\/\/mygreenstuff.lv\/product\/alocasia-melo\/"},"modified":"2025-12-16T16:48:06","modified_gmt":"2025-12-16T14:48:06","slug":"alocasia-melo","status":"publish","type":"product","link":"https:\/\/mygreenstuff.lv\/en\/product\/alocasia-melo\/","title":{"rendered":"Alocasia Melo"},"content":{"rendered":"<p><strong>V\u0113l pavisam mazi\u0146\u0161 Melo &#8216;b\u0113b\u012btis&#8217;. Aug s\u016bn\u0101s. <\/strong><\/p>\n<p><strong>Alok\u0101zija Melo lapu interesant\u0101 tekst\u016bra neatst\u0101s vienaldz\u012bgu nevienu.<\/strong><\/p>\n<p><strong>Gaisma: Alok\u0101zij\u0101m patiks gai\u0161a vieta (ne tie\u0161i saules stari).<\/strong><\/p>\n<p><strong>Lie\u0161ana: Audz\u0113jot substr\u0101t\u0101 uz k\u016bdras vai kokosa b\u0101zes, augsnei starp lie\u0161anas reiz\u0113m \u013cauj&nbsp; iz\u017e\u016bt, bet ne piln\u012bb\u0101. Neregul\u0101ra lie\u0161ana var novest pie sak\u0146u puves un auga ie\u0161anas boj\u0101. J\u0101uzman\u0101s no iekalt\u0113\u0161anas un tad &#8211; p\u0101rlie\u0161anas.<\/strong><\/p>\n<p><strong>Temperat\u016bra: Alok\u0101zijas m\u012bl siltumu. Nepak\u013caujiet t\u0101s aukst\u0101m gaisa pl\u016bsm\u0101m.<\/strong><\/p>\n<p><strong>Augu p\u0101rst\u0101da, ja saknes s\u0101kt spraukties \u0101r\u0101 pa apak\u0161\u0113jiem poda caurumi\u0146iem. Poda diametru izv\u0113l\u0101s 1-2 izm\u0113rus liel\u0101ku nek\u0101 eso\u0161ais. Alok\u0101zij\u0101m nepat\u012bk lieli podi! St\u0101da substr\u0101t\u0101 uz k\u016bdras vai kokosa b\u0101zes, kam pievienots perl\u012bts, keramz\u012bts vai mul\u010da gais\u012bgumam.<\/strong><\/p>\n<p><strong>Alok\u0101zijas audz\u0113 ar\u012b hidroponik\u0101 &#8211; keramz\u012bt\u0101, lechuza pon substr\u0101t\u0101 u.c. Audz\u0113jot hidroponik\u0101, j\u0101iev\u0113ro, lai rezervu\u0101ra apak\u0161\u0101 vienm\u0113r b\u016btu \u016bdens un nedr\u012bkst aizmirst par regul\u0101ru m\u0113slo\u0161anu ar \u0161kidro m\u0113slojumu.<\/strong><\/p>\n<p><strong>M\u0113slo regul\u0101ri no marta l\u012bdz oktobrim, katr\u0101 vai katr\u0101 otraj\u0101 lie\u0161anas reiz\u0113&nbsp; ar za\u013cajiem telpaugiem paredz\u0113tu m\u0113slojumu. Ik pa laikam pievieno m\u0113slojumu ar kalciju un magniju. M\u0113slo\u0161anu turpina ar\u012b ziem\u0101, ja tiek izmantots papildus apgaismojums vai ar\u012b nov\u0113rojama akt\u012bva aug\u0161ana.<\/strong><\/p>\n<p><strong>&nbsp;<\/strong><\/p>","protected":false},"excerpt":{"rendered":"<p>V\u0113l pavisam mazi\u0146\u0161 Melo &#8216;b\u0113b\u012btis&#8217;. Aug s\u016bn\u0101s. Alok\u0101zija Melo lapu interesant\u0101 tekst\u016bra neatst\u0101s vienaldz\u012bgu nevienu. Gaisma: Alok\u0101zij\u0101m patiks gai\u0161a vieta (ne tie\u0161i saules stari). Lie\u0161ana: Audz\u0113jot substr\u0101t\u0101 uz k\u016bdras vai kokosa b\u0101zes, augsnei starp lie\u0161anas reiz\u0113m \u013cauj&nbsp; iz\u017e\u016bt, bet ne piln\u012bb\u0101. Neregul\u0101ra lie\u0161ana var novest pie sak\u0146u puves un auga ie\u0161anas boj\u0101. J\u0101uzman\u0101s no iekalt\u0113\u0161anas un tad &#8211; p\u0101rlie\u0161anas. Temperat\u016bra: Alok\u0101zijas m\u012bl siltumu. Nepak\u013caujiet t\u0101s aukst\u0101m gaisa pl\u016bsm\u0101m. Augu p\u0101rst\u0101da, ja saknes s\u0101kt spraukties \u0101r\u0101 pa apak\u0161\u0113jiem poda caurumi\u0146iem. Poda diametru izv\u0113l\u0101s 1-2 izm\u0113rus liel\u0101ku nek\u0101 eso\u0161ais. Alok\u0101zij\u0101m nepat\u012bk lieli podi! St\u0101da substr\u0101t\u0101 uz k\u016bdras vai kokosa b\u0101zes, kam pievienots perl\u012bts, keramz\u012bts vai mul\u010da gais\u012bgumam. Alok\u0101zijas audz\u0113 ar\u012b hidroponik\u0101 &#8211; keramz\u012bt\u0101, lechuza pon substr\u0101t\u0101 u.c. Audz\u0113jot hidroponik\u0101, j\u0101iev\u0113ro, lai rezervu\u0101ra apak\u0161\u0101 vienm\u0113r b\u016btu \u016bdens un nedr\u012bkst aizmirst par regul\u0101ru m\u0113slo\u0161anu ar \u0161kidro m\u0113slojumu. M\u0113slo regul\u0101ri no marta l\u012bdz oktobrim, katr\u0101 vai katr\u0101 otraj\u0101 lie\u0161anas reiz\u0113&nbsp; ar za\u013cajiem telpaugiem paredz\u0113tu m\u0113slojumu. Ik pa laikam pievieno m\u0113slojumu ar kalciju un magniju. M\u0113slo\u0161anu turpina ar\u012b ziem\u0101, ja tiek izmantots papildus apgaismojums vai ar\u012b nov\u0113rojama akt\u012bva aug\u0161ana. &nbsp;<\/p>","protected":false},"featured_media":7583,"comment_status":"open","ping_status":"closed","template":"","meta":{"_eb_attr":"","site-sidebar-layout":"default","site-content-layout":"","ast-site-content-layout":"default","site-content-style":"default","site-sidebar-style":"default","ast-global-header-display":"","ast-banner-title-visibility":"","ast-main-header-display":"","ast-hfb-above-header-display":"","ast-hfb-below-header-display":"","ast-hfb-mobile-header-display":"","site-post-title":"","ast-breadcrumbs-content":"","ast-featured-img":"","footer-sml-layout":"","theme-transparent-header-meta":"default","adv-header-id-meta":"","stick-header-meta":"","header-above-stick-meta":"","header-main-stick-meta":"","header-below-stick-meta":"","astra-migrate-meta-layouts":"set","ast-page-background-enabled":"default","ast-page-background-meta":{"desktop":{"background-color":"var(--ast-global-color-4)","background-image":"","background-repeat":"repeat","background-position":"center center","background-size":"auto","background-attachment":"scroll","background-type":"","background-media":"","overlay-type":"","overlay-color":"","overlay-opacity":"","overlay-gradient":""},"tablet":{"background-color":"","background-image":"","background-repeat":"repeat","background-position":"center center","background-size":"auto","background-attachment":"scroll","background-type":"","background-media":"","overlay-type":"","overlay-color":"","overlay-opacity":"","overlay-gradient":""},"mobile":{"background-color":"","background-image":"","background-repeat":"repeat","background-position":"center center","background-size":"auto","background-attachment":"scroll","background-type":"","background-media":"","overlay-type":"","overlay-color":"","overlay-opacity":"","overlay-gradient":""}},"ast-content-background-meta":{"desktop":{"background-color":"var(--ast-global-color-5)","background-image":"","background-repeat":"repeat","background-position":"center center","background-size":"auto","background-attachment":"scroll","background-type":"","background-media":"","overlay-type":"","overlay-color":"","overlay-opacity":"","overlay-gradient":""},"tablet":{"background-color":"var(--ast-global-color-5)","background-image":"","background-repeat":"repeat","background-position":"center center","background-size":"auto","background-attachment":"scroll","background-type":"","background-media":"","overlay-type":"","overlay-color":"","overlay-opacity":"","overlay-gradient":""},"mobile":{"background-color":"var(--ast-global-color-5)","background-image":"","background-repeat":"repeat","background-position":"center center","background-size":"auto","background-attachment":"scroll","background-type":"","background-media":"","overlay-type":"","overlay-color":"","overlay-opacity":"","overlay-gradient":""}}},"product_brand":[],"product_cat":[81,31],"product_tag":[255,149,101,60,262],"class_list":{"0":"post-5303","1":"product","2":"type-product","3":"status-publish","4":"has-post-thumbnail","6":"product_cat-alokazijas","7":"product_cat-telpaugi","8":"product_tag-alocasia-melo","9":"product_tag-alokazija","10":"product_tag-istabas-augi","11":"product_tag-telpaugi","12":"product_tag-telpaugi-vannasistabai","13":"product_shipping_class-taka-1","14":"desktop-align-left","15":"tablet-align-left","16":"mobile-align-left","18":"first","19":"outofstock","20":"shipping-taxable","21":"purchasable","22":"product-type-simple"},"aioseo_notices":[],"_links":{"self":[{"href":"https:\/\/mygreenstuff.lv\/en\/wp-json\/wp\/v2\/product\/5303","targetHints":{"allow":["GET"]}}],"collection":[{"href":"https:\/\/mygreenstuff.lv\/en\/wp-json\/wp\/v2\/product"}],"about":[{"href":"https:\/\/mygreenstuff.lv\/en\/wp-json\/wp\/v2\/types\/product"}],"replies":[{"embeddable":true,"href":"https:\/\/mygreenstuff.lv\/en\/wp-json\/wp\/v2\/comments?post=5303"}],"wp:featuredmedia":[{"embeddable":true,"href":"https:\/\/mygreenstuff.lv\/en\/wp-json\/wp\/v2\/media\/7583"}],"wp:attachment":[{"href":"https:\/\/mygreenstuff.lv\/en\/wp-json\/wp\/v2\/media?parent=5303"}],"wp:term":[{"taxonomy":"product_brand","embeddable":true,"href":"https:\/\/mygreenstuff.lv\/en\/wp-json\/wp\/v2\/product_brand?post=5303"},{"taxonomy":"product_cat","embeddable":true,"href":"https:\/\/mygreenstuff.lv\/en\/wp-json\/wp\/v2\/product_cat?post=5303"},{"taxonomy":"product_tag","embeddable":true,"href":"https:\/\/mygreenstuff.lv\/en\/wp-json\/wp\/v2\/product_tag?post=5303"}],"curies":[{"name":"wp","href":"https:\/\/api.w.org\/{rel}","templated":true}]}}