{"id":5280,"date":"2024-10-26T14:06:46","date_gmt":"2024-10-26T11:06:46","guid":{"rendered":"https:\/\/mygreenstuff.lv\/?post_type=product&#038;p=5280"},"modified":"2025-12-02T16:12:10","modified_gmt":"2025-12-02T14:12:10","slug":"anthurium-pedatoradiatum","status":"publish","type":"product","link":"https:\/\/mygreenstuff.lv\/en\/product\/anthurium-pedatoradiatum\/","title":{"rendered":"Anthurium Pedatoradiatum"},"content":{"rendered":"<p>Pedatoradiatum is rarely found anthurium with extraordinary leaves, which will give you a real jungle feeling in your home. This specie is often crossed with Anthurium Clarinervium to get so popular 'Delta force' hybdrid.<\/p>\n<p>Pot diameter - 12 cm.<\/p>\n<p>Light requirements: medium bright light, NO to direct sunlight! Perfect place for it will be 1-2 meters from South facing window or closer to N, W or E window.<\/p>\n<p>Watering: Water approx. once a week. Do not overwater, but also don't let it completely dry.<\/p>\n<p>Temperature: 21 - 30 <em>\u00b0C<\/em><\/p>\n<p>Air humidity level: higher then average - 40 - 80 %<\/p>\n<p><span style=\"font-size: 16px;font-style: normal;font-weight: 400\">Repot plant in spring, summer time, when the pot has grown full of roots and when you can see them sprout through bottom holes.\u00a0<\/span><span style=\"font-size: 16px;font-style: normal;font-weight: 400\">Substrate has to be airy. Suitable substrate will be the one made for Green houseplants, mixed with extra orchid bark and perlite.\u00a0<\/span><\/p>\n<p>Anthuriums belong to araceae family and are grown insides mostly for their foliage leaves or flowers.<\/p>\n<p>All plants of the anthurium genus contain poisonous substances, which, when ingested, can cause digestive disorders, poisoning etc. symptoms, so keep them out of the reach of animals and small children!<\/p>","protected":false},"excerpt":{"rendered":"<p>Pedatoradiatum ir reta ant\u016brijas \u0161\u0137irne ar iespaid\u012bg\u0101m lap\u0101m, kas ienes\u012bs j\u016bsu m\u0101jokl\u012b \u012bstu d\u017eung\u013cu saj\u016btu!\u00a0 Bie\u017ei tas tiek krustots ar Anthurium Clarinervium, lai ieg\u016btu slaveno &#8220;Delta force&#8221; hibr\u012bdu. Poda diametrs &#8211; 12 cm. Gaisma: vid\u0113ji gai\u0161a vieta, N\u0112 tie\u0161iem saules stariem! Ide\u0101la vieta b\u016bs 1-2 m no dienvidu palodzes vai tuv\u0101k Z, R vai A logam. Laist\u012b\u0161ana:\u00a0 Laista vid\u0113ji 1x ned\u0113\u013c\u0101. Nedr\u012bkst p\u0101rliet, bet nav ieteicams ar\u012b iekalt\u0113t. Temperat\u016bra: 21 &#8211; 30 \u00b0C Gaisa mitrums v\u0113lams augst\u0101ks nek\u0101 vid\u0113jais &#8211; 40 &#8211; 80 % Augu p\u0101rst\u0101da pavasar\u012b, vasar\u0101, kad pods ir pieaudzis pilns ar sakn\u0113m un t\u0101s s\u0101k spraukties cauri apak\u0161\u0113jiem poda caurumiem.\u00a0Substr\u0101tam j\u0101b\u016bt gais\u012bgam. Piem\u0113rots b\u016bs substr\u0101ts za\u013cajiem telpaugiem, kam papildus pievienots perl\u012bts vai\/un orhideju mul\u010da.\u00a0 Ant\u016brijas pieder pie \u0101rumu dzimtas (angl. &#8211; aroids) un iek\u0161telp\u0101s tos visbie\u017e\u0101k izv\u0113l\u0101s audz\u0113t izteiksm\u012bgo lapu formu un tekst\u016bras d\u0113\u013c. Visi ant\u016briju \u0123ints augi satur ind\u012bgas vielas, kas non\u0101kot organism\u0101 var izraus\u012bt gremo\u0161anas trauc\u0113jumus, saind\u0113\u0161anos u.c. simptomus, t\u0101p\u0113c turiet tos dz\u012bvniekiem un maziem b\u0113rniem nepieejam\u0101 viet\u0101!<\/p>","protected":false},"featured_media":11238,"comment_status":"open","ping_status":"closed","template":"","meta":{"_eb_attr":"","site-sidebar-layout":"default","site-content-layout":"","ast-site-content-layout":"default","site-content-style":"default","site-sidebar-style":"default","ast-global-header-display":"","ast-banner-title-visibility":"","ast-main-header-display":"","ast-hfb-above-header-display":"","ast-hfb-below-header-display":"","ast-hfb-mobile-header-display":"","site-post-title":"","ast-breadcrumbs-content":"","ast-featured-img":"","footer-sml-layout":"","theme-transparent-header-meta":"default","adv-header-id-meta":"","stick-header-meta":"","header-above-stick-meta":"","header-main-stick-meta":"","header-below-stick-meta":"","astra-migrate-meta-layouts":"set","ast-page-background-enabled":"default","ast-page-background-meta":{"desktop":{"background-color":"var(--ast-global-color-4)","background-image":"","background-repeat":"repeat","background-position":"center center","background-size":"auto","background-attachment":"scroll","background-type":"","background-media":"","overlay-type":"","overlay-color":"","overlay-opacity":"","overlay-gradient":""},"tablet":{"background-color":"","background-image":"","background-repeat":"repeat","background-position":"center center","background-size":"auto","background-attachment":"scroll","background-type":"","background-media":"","overlay-type":"","overlay-color":"","overlay-opacity":"","overlay-gradient":""},"mobile":{"background-color":"","background-image":"","background-repeat":"repeat","background-position":"center center","background-size":"auto","background-attachment":"scroll","background-type":"","background-media":"","overlay-type":"","overlay-color":"","overlay-opacity":"","overlay-gradient":""}},"ast-content-background-meta":{"desktop":{"background-color":"var(--ast-global-color-5)","background-image":"","background-repeat":"repeat","background-position":"center center","background-size":"auto","background-attachment":"scroll","background-type":"","background-media":"","overlay-type":"","overlay-color":"","overlay-opacity":"","overlay-gradient":""},"tablet":{"background-color":"var(--ast-global-color-5)","background-image":"","background-repeat":"repeat","background-position":"center center","background-size":"auto","background-attachment":"scroll","background-type":"","background-media":"","overlay-type":"","overlay-color":"","overlay-opacity":"","overlay-gradient":""},"mobile":{"background-color":"var(--ast-global-color-5)","background-image":"","background-repeat":"repeat","background-position":"center center","background-size":"auto","background-attachment":"scroll","background-type":"","background-media":"","overlay-type":"","overlay-color":"","overlay-opacity":"","overlay-gradient":""}}},"product_brand":[],"product_cat":[75,76,31],"product_tag":[53,268,253,252],"class_list":{"0":"post-5280","1":"product","2":"type-product","3":"status-publish","4":"has-post-thumbnail","6":"product_cat-anturijas","7":"product_cat-retie","8":"product_cat-telpaugi","9":"product_tag-anturija","10":"product_tag-anturija-pirkstini","11":"product_tag-pedatoradiatum","12":"product_tag-tropiskie-augi","13":"product_shipping_class-taka-1","14":"desktop-align-left","15":"tablet-align-left","16":"mobile-align-left","18":"first","19":"outofstock","20":"shipping-taxable","21":"purchasable","22":"product-type-simple"},"aioseo_notices":[],"_links":{"self":[{"href":"https:\/\/mygreenstuff.lv\/en\/wp-json\/wp\/v2\/product\/5280","targetHints":{"allow":["GET"]}}],"collection":[{"href":"https:\/\/mygreenstuff.lv\/en\/wp-json\/wp\/v2\/product"}],"about":[{"href":"https:\/\/mygreenstuff.lv\/en\/wp-json\/wp\/v2\/types\/product"}],"replies":[{"embeddable":true,"href":"https:\/\/mygreenstuff.lv\/en\/wp-json\/wp\/v2\/comments?post=5280"}],"wp:featuredmedia":[{"embeddable":true,"href":"https:\/\/mygreenstuff.lv\/en\/wp-json\/wp\/v2\/media\/11238"}],"wp:attachment":[{"href":"https:\/\/mygreenstuff.lv\/en\/wp-json\/wp\/v2\/media?parent=5280"}],"wp:term":[{"taxonomy":"product_brand","embeddable":true,"href":"https:\/\/mygreenstuff.lv\/en\/wp-json\/wp\/v2\/product_brand?post=5280"},{"taxonomy":"product_cat","embeddable":true,"href":"https:\/\/mygreenstuff.lv\/en\/wp-json\/wp\/v2\/product_cat?post=5280"},{"taxonomy":"product_tag","embeddable":true,"href":"https:\/\/mygreenstuff.lv\/en\/wp-json\/wp\/v2\/product_tag?post=5280"}],"curies":[{"name":"wp","href":"https:\/\/api.w.org\/{rel}","templated":true}]}}