{"id":4918,"date":"2024-08-06T19:03:46","date_gmt":"2024-08-06T16:03:46","guid":{"rendered":"https:\/\/mygreenstuff.lv\/?post_type=product&#038;p=4918"},"modified":"2026-04-04T17:48:34","modified_gmt":"2026-04-04T14:48:34","slug":"monstera-siltepecana-aurea-variegated","status":"publish","type":"product","link":"https:\/\/mygreenstuff.lv\/en\/product\/monstera-siltepecana-aurea-variegated\/","title":{"rendered":"Monstera Siltepecana aurea variegated"},"content":{"rendered":"<p><strong>Monstera siltepecana aurea augs, kas revert\u0113jies (varieg\u0101cija pazudusi). <\/strong><\/p>\n<p><strong>Monsteras pieder pie \u0101rumu dzimtas (angl. &#8211; aroids). Dabi<\/strong><strong style=\"font-size: 16px\">skajos apst\u0101k\u013cos monsteras k\u0101pel\u0113 un vij\u0101s pa kokiem tropiskajos lietus me\u017eos, bet m\u016bsdien\u0101s t\u0101s tiek pla\u0161i audz\u0113tas k\u0101 telpaugs.<\/strong><\/p>\n<p><strong>For best results, monsteras are grown with various supports\u2014such as moss poles, coco coir poles, boards, trellises, etc.\u2014thus mimicking their natural growing environment.<\/strong><\/p>\n<p><strong>Gaisma: Gai\u0161a vieta. P\u0101ris saules stari nen\u0101ks par \u013caunu, ja vien t\u0101 nav sp\u0113c\u012bga Dienvidu saule. Ja ir dabiskais no\u0113nojums (koki, \u0113kas utt.) monsteras var novietot tie\u0161i uz D palodzes. Ja nav no\u0113nojums, ide\u0101la vieta monsterai b\u016bs 1-2 m no dienvidu palodzes vai tuv\u0101k Z, R vai A logam. Monsteras paciet\u012bs ar\u012b tum\u0161\u0101ku vietu, ta\u010du aug\u0161ana b\u016bs l\u0113n\u0101ka, j\u0101uzman\u0101s no p\u0101rlie\u0161anas, k\u0101 ar\u012b lapas var izst\u012bdz\u0113t un k\u013c\u016bt vizu\u0101li nepievilc\u012bgas.<\/strong><\/p>\n<p><strong>Laist\u012b\u0161ana: Laista vid\u0113ji 1x ned\u0113\u013c\u0101, atkar\u012bb\u0101 no aug\u0161anas apst\u0101k\u013ciem un poda diametra; vid\u0113ji, kad 80% augsnes ir sausa. To var noteikt, pace\u013cot podu (tas b\u016bs k\u013cuvis viegls).<\/strong><\/p>\n<p><strong>Temperat\u016bra: 18 &#8211; 26 C<\/strong><\/p>\n<p><strong>M\u0113slo\u0161ana: Monsteras ir j\u0101m\u0113slo regul\u0101ri, ja t\u0101m tiek nodro\u0161in\u0101ts pietiekami daudz gaismas. M\u0113slo no marta l\u012bdz septembrim katr\u0101 lie\u0161anas reiz\u0113 ar NPK m\u0113slojumu un 1x m\u0113nes\u012b ar papildus mikroelementiem, piem\u0113ram, Kalciju un Magniju. M\u0113slo\u0161anu turpina ar\u012b ziem\u0101, ja ir akt\u012bva aug\u0161ana vai\/ un, ja tiek izmantotas fito spuldzes. Ja m\u0113slo\u0161ana b\u016bs nepietiekama, lapas veidosies maz\u0101kas un l\u0113n\u0101k sasniegs nobriedu\u0161as lapas formu.&nbsp;<\/strong><\/p>\n<p><strong>Pavairo\u0161ana: Monsteras visbie\u017e\u0101k pavairo ar lapu spraude\u0146iem. Lai uzzin\u0101tu vair\u0101k par pavairo\u0161anu ar spraude\u0146iem, spied&nbsp;<a title=\"Spraude\u0146i un to apsak\u0146o\u0161ana\" href=\"https:\/\/mygreenstuff.lv\/en\/spraudeni-un-to-apsaknosana\/\" target=\"_blank\" rel=\"noopener\">\u0161eit.<\/a><\/strong><\/p>\n<p><strong>Augu p\u0101rst\u0101da pavasar\u012b, vasar\u0101, kad pods ir pieaudzis pilns ar sakn\u0113m un t\u0101s s\u0101k spraukties cauri apak\u0161\u0113jiem poda caurumiem. Substr\u0101tam j\u0101b\u016bt gais\u012bgam\/ irdenam. Vispiem\u0113rot\u0101kais b\u016bs speci\u0101ls \u0101rumu mikss (aroid mix) vai substr\u0101ts za\u013cajiem telpaugiem, kam papildus pievienots perl\u012bts vai\/un orhideju mul\u010da.<\/strong><\/p>\n<p><strong>Monsteras satur kalcija oksal\u0101ta krist\u0101lus, t\u0101p\u0113c ir uzskat\u0101mas par vid\u0113ji ind\u012bgiem augiem. Novietojiet augu dz\u012bvniekiem un maziem b\u0113rniem nepieejam\u0101 viet\u0101!<\/strong><\/p>","protected":false},"excerpt":{"rendered":"<p>Monstera siltepecana aurea augs, kas revert\u0113jies (varieg\u0101cija pazudusi). Monsteras pieder pie \u0101rumu dzimtas (angl. &#8211; aroids). Dabiskajos apst\u0101k\u013cos monsteras k\u0101pel\u0113 un vij\u0101s pa kokiem tropiskajos lietus me\u017eos, bet m\u016bsdien\u0101s t\u0101s tiek pla\u0161i audz\u0113tas k\u0101 telpaugs. Lai sasniegtu lab\u0101kos rezult\u0101tus, monsteras audz\u0113 pie da\u017e\u0101diem balstiem &#8211; s\u016bnu vai kokosa stabiem, d\u0113\u013ciem, rest\u012bt\u0113m utt., t\u0101d\u0113j\u0101di atspogu\u013cojot to dabisko aug\u0161anas vidi. Gaisma: Gai\u0161a vieta. P\u0101ris saules stari nen\u0101ks par \u013caunu, ja vien t\u0101 nav sp\u0113c\u012bga Dienvidu saule. Ja ir dabiskais no\u0113nojums (koki, \u0113kas utt.) monsteras var novietot tie\u0161i uz D palodzes. Ja nav no\u0113nojums, ide\u0101la vieta monsterai b\u016bs 1-2 m no dienvidu palodzes vai tuv\u0101k Z, R vai A logam. Monsteras paciet\u012bs ar\u012b tum\u0161\u0101ku vietu, ta\u010du aug\u0161ana b\u016bs l\u0113n\u0101ka, j\u0101uzman\u0101s no p\u0101rlie\u0161anas, k\u0101 ar\u012b lapas var izst\u012bdz\u0113t un k\u013c\u016bt vizu\u0101li nepievilc\u012bgas. Laist\u012b\u0161ana: Laista vid\u0113ji 1x ned\u0113\u013c\u0101, atkar\u012bb\u0101 no aug\u0161anas apst\u0101k\u013ciem un poda diametra; vid\u0113ji, kad 80% augsnes ir sausa. To var noteikt, pace\u013cot podu (tas b\u016bs k\u013cuvis viegls). Temperat\u016bra: 18 &#8211; 26 C M\u0113slo\u0161ana: Monsteras ir j\u0101m\u0113slo regul\u0101ri, ja t\u0101m tiek nodro\u0161in\u0101ts pietiekami daudz gaismas. M\u0113slo no marta l\u012bdz septembrim katr\u0101 lie\u0161anas reiz\u0113 ar NPK m\u0113slojumu un 1x m\u0113nes\u012b ar papildus mikroelementiem, piem\u0113ram, Kalciju un Magniju. M\u0113slo\u0161anu turpina ar\u012b ziem\u0101, ja ir akt\u012bva aug\u0161ana vai\/ un, ja tiek izmantotas fito spuldzes. Ja m\u0113slo\u0161ana b\u016bs nepietiekama, lapas veidosies maz\u0101kas un l\u0113n\u0101k sasniegs nobriedu\u0161as lapas formu.&nbsp; Pavairo\u0161ana: Monsteras visbie\u017e\u0101k pavairo ar lapu spraude\u0146iem. Lai uzzin\u0101tu vair\u0101k par pavairo\u0161anu ar spraude\u0146iem, spied&nbsp;\u0161eit. Augu p\u0101rst\u0101da pavasar\u012b, vasar\u0101, kad pods ir pieaudzis pilns ar sakn\u0113m un t\u0101s s\u0101k spraukties cauri apak\u0161\u0113jiem poda caurumiem. Substr\u0101tam j\u0101b\u016bt gais\u012bgam\/ irdenam. Vispiem\u0113rot\u0101kais b\u016bs speci\u0101ls \u0101rumu mikss (aroid mix) vai substr\u0101ts za\u013cajiem telpaugiem, kam papildus pievienots perl\u012bts vai\/un orhideju mul\u010da. Monsteras satur kalcija oksal\u0101ta krist\u0101lus, t\u0101p\u0113c ir uzskat\u0101mas par vid\u0113ji ind\u012bgiem augiem. Novietojiet augu dz\u012bvniekiem un maziem b\u0113rniem nepieejam\u0101 viet\u0101!<\/p>","protected":false},"featured_media":13144,"comment_status":"open","ping_status":"closed","template":"","meta":{"_eb_attr":"","site-sidebar-layout":"default","site-content-layout":"","ast-site-content-layout":"default","site-content-style":"default","site-sidebar-style":"default","ast-global-header-display":"","ast-banner-title-visibility":"","ast-main-header-display":"","ast-hfb-above-header-display":"","ast-hfb-below-header-display":"","ast-hfb-mobile-header-display":"","site-post-title":"","ast-breadcrumbs-content":"","ast-featured-img":"","footer-sml-layout":"","theme-transparent-header-meta":"default","adv-header-id-meta":"","stick-header-meta":"","header-above-stick-meta":"","header-main-stick-meta":"","header-below-stick-meta":"","astra-migrate-meta-layouts":"set","ast-page-background-enabled":"default","ast-page-background-meta":{"desktop":{"background-color":"var(--ast-global-color-4)","background-image":"","background-repeat":"repeat","background-position":"center center","background-size":"auto","background-attachment":"scroll","background-type":"","background-media":"","overlay-type":"","overlay-color":"","overlay-opacity":"","overlay-gradient":""},"tablet":{"background-color":"","background-image":"","background-repeat":"repeat","background-position":"center center","background-size":"auto","background-attachment":"scroll","background-type":"","background-media":"","overlay-type":"","overlay-color":"","overlay-opacity":"","overlay-gradient":""},"mobile":{"background-color":"","background-image":"","background-repeat":"repeat","background-position":"center center","background-size":"auto","background-attachment":"scroll","background-type":"","background-media":"","overlay-type":"","overlay-color":"","overlay-opacity":"","overlay-gradient":""}},"ast-content-background-meta":{"desktop":{"background-color":"var(--ast-global-color-5)","background-image":"","background-repeat":"repeat","background-position":"center center","background-size":"auto","background-attachment":"scroll","background-type":"","background-media":"","overlay-type":"","overlay-color":"","overlay-opacity":"","overlay-gradient":""},"tablet":{"background-color":"var(--ast-global-color-5)","background-image":"","background-repeat":"repeat","background-position":"center center","background-size":"auto","background-attachment":"scroll","background-type":"","background-media":"","overlay-type":"","overlay-color":"","overlay-opacity":"","overlay-gradient":""},"mobile":{"background-color":"var(--ast-global-color-5)","background-image":"","background-repeat":"repeat","background-position":"center center","background-size":"auto","background-attachment":"scroll","background-type":"","background-media":"","overlay-type":"","overlay-color":"","overlay-opacity":"","overlay-gradient":""}}},"product_brand":[],"product_cat":[128,73,76,31],"product_tag":[247,102,38,44,56,202,252,103],"class_list":{"0":"post-4918","1":"product","2":"type-product","3":"status-publish","4":"has-post-thumbnail","6":"product_cat-augi-ar-variegaciju","7":"product_cat-monsteras","8":"product_cat-retie","9":"product_cat-telpaugi","10":"product_tag-augi-ar-variegaciju","11":"product_tag-aurea","12":"product_tag-monstera","13":"product_tag-monstera-variegata","14":"product_tag-retie-augi","15":"product_tag-siltepecana","16":"product_tag-tropiskie-augi","17":"product_tag-variegata","18":"product_shipping_class-taka-1","19":"desktop-align-left","20":"tablet-align-left","21":"mobile-align-left","23":"first","24":"instock","25":"shipping-taxable","26":"purchasable","27":"product-type-simple"},"aioseo_notices":[],"_links":{"self":[{"href":"https:\/\/mygreenstuff.lv\/en\/wp-json\/wp\/v2\/product\/4918","targetHints":{"allow":["GET"]}}],"collection":[{"href":"https:\/\/mygreenstuff.lv\/en\/wp-json\/wp\/v2\/product"}],"about":[{"href":"https:\/\/mygreenstuff.lv\/en\/wp-json\/wp\/v2\/types\/product"}],"replies":[{"embeddable":true,"href":"https:\/\/mygreenstuff.lv\/en\/wp-json\/wp\/v2\/comments?post=4918"}],"wp:featuredmedia":[{"embeddable":true,"href":"https:\/\/mygreenstuff.lv\/en\/wp-json\/wp\/v2\/media\/13144"}],"wp:attachment":[{"href":"https:\/\/mygreenstuff.lv\/en\/wp-json\/wp\/v2\/media?parent=4918"}],"wp:term":[{"taxonomy":"product_brand","embeddable":true,"href":"https:\/\/mygreenstuff.lv\/en\/wp-json\/wp\/v2\/product_brand?post=4918"},{"taxonomy":"product_cat","embeddable":true,"href":"https:\/\/mygreenstuff.lv\/en\/wp-json\/wp\/v2\/product_cat?post=4918"},{"taxonomy":"product_tag","embeddable":true,"href":"https:\/\/mygreenstuff.lv\/en\/wp-json\/wp\/v2\/product_tag?post=4918"}],"curies":[{"name":"wp","href":"https:\/\/api.w.org\/{rel}","templated":true}]}}